{"id":106,"date":"2024-05-13T17:48:16","date_gmt":"2024-05-13T23:48:16","guid":{"rendered":"https:\/\/www.intellisoftware.com.mx\/new\/?page_id=106"},"modified":"2024-06-23T13:46:44","modified_gmt":"2024-06-23T19:46:44","slug":"aviso-de-privacidad","status":"publish","type":"page","link":"https:\/\/www.pcsupport.com.mx\/portal\/aviso-de-privacidad\/","title":{"rendered":"Aviso de Privacidad"},"content":{"rendered":"\n<p>\u00daltima actualizaci\u00f3n: 23 de Junio de 2024<\/p>\n\n\n\n<p>Esta Pol\u00edtica de Privacidad rige la manera en que PC Support recopila, usa, mantiene y divulga la informaci\u00f3n recopilada de los usuarios (cada uno, un \u201cUsuario\u201d) del sitio web www.pcsupport.com.mx (\u201cSite\u201d). Esta pol\u00edtica de privacidad se aplica al Sitio y a todos los productos y servicios ofrecidos por PC Support.<\/p>\n\n\n\n<div class=\"wp-block-uagb-advanced-heading uagb-block-591f0360\"><h3 class=\"uagb-heading-text\">Informaci\u00f3n de identificaci\u00f3n personal<\/h3><\/div>\n\n\n\n<p>Podemos recopilar informaci\u00f3n de identificaci\u00f3n personal de los Usuarios de diversas maneras, incluidas, entre otras, cuando los Usuarios visitan nuestro sitio, se registran en el sitio, realizan un pedido, se suscriben al bolet\u00edn, responden a una encuesta, completan un formulario. y en relaci\u00f3n con otras actividades, servicios, caracter\u00edsticas o recursos que ponemos a disposici\u00f3n en nuestro Sitio. Se podr\u00e1 solicitar a los usuarios, seg\u00fan corresponda, nombre, direcci\u00f3n de correo electr\u00f3nico, direcci\u00f3n postal, n\u00famero de tel\u00e9fono, informaci\u00f3n de la tarjeta de cr\u00e9dito. Sin embargo, los usuarios pueden visitar nuestro Sitio de forma an\u00f3nima. Recopilaremos informaci\u00f3n de identificaci\u00f3n personal de los Usuarios solo si nos env\u00edan voluntariamente dicha informaci\u00f3n. Los usuarios siempre pueden negarse a proporcionar informaci\u00f3n de identificaci\u00f3n personal, excepto que esto pueda impedirles participar en determinadas actividades relacionadas con el Sitio.<\/p>\n\n\n\n<div class=\"wp-block-uagb-advanced-heading uagb-block-7193e5bb\"><h3 class=\"uagb-heading-text\">Informaci\u00f3n de identificaci\u00f3n no personal<\/h3><\/div>\n\n\n\n<p>Podemos recopilar informaci\u00f3n de identificaci\u00f3n no personal sobre los Usuarios cada vez que interact\u00faan con nuestro Sitio. La informaci\u00f3n de identificaci\u00f3n no personal puede incluir el nombre del navegador, el tipo de computadora e informaci\u00f3n t\u00e9cnica sobre los medios de conexi\u00f3n del Usuario a nuestro Sitio, como el sistema operativo y los proveedores de servicios de Internet utilizados y otra informaci\u00f3n similar.<\/p>\n\n\n\n<div class=\"wp-block-uagb-advanced-heading uagb-block-b5622b58\"><h3 class=\"uagb-heading-text\">Cookies del navegador web<\/h3><\/div>\n\n\n\n<p>Nuestro Sitio puede utilizar \u201ccookies\u201d para mejorar la experiencia del Usuario. El navegador web del usuario coloca cookies en su disco duro con fines de mantenimiento de registros y, a veces, para rastrear informaci\u00f3n sobre ellas. El usuario puede optar por configurar su navegador web para que rechace las cookies o para avisarle cuando se env\u00eden cookies. Si lo hacen, tenga en cuenta que es posible que algunas partes del Sitio no funcionen correctamente.<\/p>\n\n\n\n<div class=\"wp-block-uagb-advanced-heading uagb-block-a1ef0c12\"><h3 class=\"uagb-heading-text\">C\u00f3mo utilizamos la informaci\u00f3n recopilada<\/h3><\/div>\n\n\n\n<p>PC Support puede recopilar y utilizar informaci\u00f3n personal de los Usuarios para los siguientes fines:<\/p>\n\n\n\n<ul class=\"wp-block-list\">\n<li>Para mejorar el servicio al cliente, la informaci\u00f3n que usted proporciona nos ayuda a responder a sus solicitudes de servicio al cliente y necesidades de soporte de manera m\u00e1s eficiente.<\/li>\n<\/ul>\n\n\n\n<ul class=\"wp-block-list\">\n<li>Para personalizar la experiencia del usuario podemos utilizar informaci\u00f3n en conjunto para comprender c\u00f3mo nuestros Usuarios como grupo utilizan los servicios y recursos proporcionados en nuestro Sitio.<\/li>\n<\/ul>\n\n\n\n<ul class=\"wp-block-list\">\n<li>Para mejorar nuestro Sitio Podemos utilizar los comentarios que usted proporcione para mejorar nuestros productos y servicios.<\/li>\n<\/ul>\n\n\n\n<ul class=\"wp-block-list\">\n<li>Para procesar pagos podemos utilizar la informaci\u00f3n que los Usuarios proporcionan sobre ellos mismos al realizar un pedido solo para brindar servicio a ese pedido. No compartimos esta informaci\u00f3n con partes externas excepto en la medida necesaria para brindar el servicio.<\/li>\n<\/ul>\n\n\n\n<ul class=\"wp-block-list\">\n<li>Realizar una promoci\u00f3n, concurso, encuesta u otra caracter\u00edstica del Sitio. Enviar a los Usuarios informaci\u00f3n que aceptaron recibir sobre temas que creemos que ser\u00e1n de su inter\u00e9s.<\/li>\n<\/ul>\n\n\n\n<ul class=\"wp-block-list\">\n<li>Para enviar correos electr\u00f3nicos peri\u00f3dicos podemos utilizar la direcci\u00f3n de correo electr\u00f3nico para enviar informaci\u00f3n del Usuario y actualizaciones relacionadas con su pedido. Tambi\u00e9n se puede utilizar para responder a sus consultas, preguntas y\/u otras solicitudes. Si el Usuario decide optar por nuestra lista de correo, recibir\u00e1 correos electr\u00f3nicos que pueden incluir noticias de la empresa, actualizaciones, informaci\u00f3n relacionada con productos o servicios, etc. Si en alg\u00fan momento el Usuario desea darse de baja para no recibir futuros correos electr\u00f3nicos, incluimos instrucciones detalladas para darse de baja en la parte inferior de cada correo electr\u00f3nico o el Usuario puede contactarnos a trav\u00e9s de nuestro Sitio.<\/li>\n<\/ul>\n\n\n\n<div class=\"wp-block-uagb-advanced-heading uagb-block-7057da42\"><h3 class=\"uagb-heading-text\">C\u00f3mo protegemos su informaci\u00f3n<\/h3><\/div>\n\n\n\n<p>Adoptamos pr\u00e1cticas apropiadas de recopilaci\u00f3n, almacenamiento y procesamiento de datos y medidas de seguridad para proteger contra el acceso no autorizado, la alteraci\u00f3n, la divulgaci\u00f3n o la destrucci\u00f3n de su informaci\u00f3n personal, nombre de usuario, contrase\u00f1a, informaci\u00f3n de transacciones y datos almacenados en nuestro Sitio.<\/p>\n\n\n\n<p>El intercambio de datos sensibles y privados entre el Sitio y sus Usuarios se realiza a trav\u00e9s de un canal de comunicaci\u00f3n seguro SSL y est\u00e1 cifrado y protegido con firmas digitales. Nuestro Sitio tambi\u00e9n cumple con los est\u00e1ndares de vulnerabilidad PCI para crear un entorno lo m\u00e1s seguro posible para los Usuarios.<\/p>\n\n\n\n<div class=\"wp-block-uagb-advanced-heading uagb-block-168e1340\"><h3 class=\"uagb-heading-text\">Compartiendo su informaci\u00f3n personal<\/h3><\/div>\n\n\n\n<p>No vendemos, comercializamos ni alquilamos informaci\u00f3n de identificaci\u00f3n personal de los Usuarios a otros. Podemos compartir informaci\u00f3n demogr\u00e1fica agregada gen\u00e9rica no vinculada a ninguna informaci\u00f3n de identificaci\u00f3n personal sobre visitantes y usuarios con nuestros socios comerciales, afiliados confiables y anunciantes para los fines descritos anteriormente. Podemos utilizar proveedores de servicios externos para ayudarnos a operar nuestro negocio y el Sitio o administrar actividades en nuestro nombre, como el env\u00edo de boletines o encuestas. Podemos compartir su informaci\u00f3n con estos terceros para esos fines limitados siempre que nos haya dado su permiso.<\/p>\n\n\n\n<div class=\"wp-block-uagb-advanced-heading uagb-block-144d9abe\"><h3 class=\"uagb-heading-text\">Sitios web de terceros<\/h3><\/div>\n\n\n\n<p>Los usuarios pueden encontrar publicidad u otro contenido en nuestro Sitio que se vincule con los sitios y servicios de nuestros socios, proveedores, anunciantes, patrocinadores, licenciantes y otros terceros. No controlamos el contenido o los enlaces que aparecen en estos sitios y no somos responsables de las pr\u00e1cticas empleadas por los sitios web vinculados hacia o desde nuestro Sitio. Adem\u00e1s, estos sitios o servicios, incluidos su contenido y enlaces, pueden cambiar constantemente. Estos sitios y servicios pueden tener sus propias pol\u00edticas de privacidad y pol\u00edticas de servicio al cliente. La navegaci\u00f3n y la interacci\u00f3n en cualquier otro sitio web, incluidos los sitios web que tienen un enlace a nuestro Sitio, est\u00e1n sujetas a los t\u00e9rminos y pol\u00edticas propios de ese sitio web.<\/p>\n\n\n\n<div class=\"wp-block-uagb-advanced-heading uagb-block-051e216d\"><h3 class=\"uagb-heading-text\">Cambios en esta pol\u00edtica de privacidad<\/h3><\/div>\n\n\n\n<p>PC Support tiene la discreci\u00f3n de actualizar esta pol\u00edtica de privacidad en cualquier momento. Cuando lo hagamos, publicaremos una notificaci\u00f3n en la p\u00e1gina principal de nuestro Sitio, revisaremos la fecha actualizada al final de esta p\u00e1gina. Alentamos a los Usuarios a consultar esta p\u00e1gina con frecuencia para detectar cambios y mantenerse informados sobre c\u00f3mo ayudamos a proteger la informaci\u00f3n personal que recopilamos. Usted reconoce y acepta que es su responsabilidad revisar esta pol\u00edtica de privacidad peri\u00f3dicamente y estar al tanto de las modificaciones.<\/p>\n\n\n\n<div class=\"wp-block-uagb-advanced-heading uagb-block-dbb56e15\"><h3 class=\"uagb-heading-text\">Su aceptaci\u00f3n de estos t\u00e9rminos<\/h3><\/div>\n\n\n\n<p>Al utilizar este Sitio, usted indica su aceptaci\u00f3n de esta pol\u00edtica y t\u00e9rminos de servicio. Si no est\u00e1 de acuerdo con esta pol\u00edtica, no utilice nuestro Sitio. Su uso continuado del Sitio despu\u00e9s de la publicaci\u00f3n de cambios en esta pol\u00edtica se considerar\u00e1 su aceptaci\u00f3n de esos cambios.<\/p>\n\n\n\n<p>Contact\u00e1ndonos<\/p>\n\n\n\n<p>Si tiene alguna pregunta sobre esta Pol\u00edtica de Privacidad, las pr\u00e1cticas de este sitio o sus relaciones con este sitio, puede contactarnos a trav\u00e9s de nuestra <a href=\"https:\/\/www.pcsupport.com.mx\/portal\/contacto\/\">forma de contacto<\/a> o enviando un correo a <a href=\"mailto:info@pcsupport.com.mx\">info@pcsupport.com.mx<\/a>.<\/p>\n","protected":false},"excerpt":{"rendered":"<p>\u00daltima actualizaci\u00f3n: 23 de Junio de 2024 Esta Pol\u00edtica de Privacidad rige la manera en que PC Support recopila, usa, mantiene y divulga la informaci\u00f3n recopilada de los usuarios (cada uno, un \u201cUsuario\u201d) del sitio web www.pcsupport.com.mx (\u201cSite\u201d). Esta pol\u00edtica de privacidad se aplica al Sitio y a todos los productos y servicios ofrecidos por [&hellip;]<\/p>\n","protected":false},"author":1,"featured_media":0,"parent":0,"menu_order":0,"comment_status":"closed","ping_status":"closed","template":"","meta":{"_uag_custom_page_level_css":"","site-sidebar-layout":"default","site-content-layout":"","ast-site-content-layout":"default","site-content-style":"default","site-sidebar-style":"default","ast-global-header-display":"","ast-banner-title-visibility":"","ast-main-header-display":"","ast-hfb-above-header-display":"","ast-hfb-below-header-display":"","ast-hfb-mobile-header-display":"","site-post-title":"","ast-breadcrumbs-content":"","ast-featured-img":"","footer-sml-layout":"","ast-disable-related-posts":"","theme-transparent-header-meta":"","adv-header-id-meta":"","stick-header-meta":"","header-above-stick-meta":"","header-main-stick-meta":"","header-below-stick-meta":"","astra-migrate-meta-layouts":"default","ast-page-background-enabled":"default","ast-page-background-meta":{"desktop":{"background-color":"var(--ast-global-color-4)","background-image":"","background-repeat":"repeat","background-position":"center center","background-size":"auto","background-attachment":"scroll","background-type":"","background-media":"","overlay-type":"","overlay-color":"","overlay-opacity":"","overlay-gradient":""},"tablet":{"background-color":"","background-image":"","background-repeat":"repeat","background-position":"center center","background-size":"auto","background-attachment":"scroll","background-type":"","background-media":"","overlay-type":"","overlay-color":"","overlay-opacity":"","overlay-gradient":""},"mobile":{"background-color":"","background-image":"","background-repeat":"repeat","background-position":"center center","background-size":"auto","background-attachment":"scroll","background-type":"","background-media":"","overlay-type":"","overlay-color":"","overlay-opacity":"","overlay-gradient":""}},"ast-content-background-meta":{"desktop":{"background-color":"var(--ast-global-color-5)","background-image":"","background-repeat":"repeat","background-position":"center center","background-size":"auto","background-attachment":"scroll","background-type":"","background-media":"","overlay-type":"","overlay-color":"","overlay-opacity":"","overlay-gradient":""},"tablet":{"background-color":"var(--ast-global-color-5)","background-image":"","background-repeat":"repeat","background-position":"center center","background-size":"auto","background-attachment":"scroll","background-type":"","background-media":"","overlay-type":"","overlay-color":"","overlay-opacity":"","overlay-gradient":""},"mobile":{"background-color":"var(--ast-global-color-5)","background-image":"","background-repeat":"repeat","background-position":"center center","background-size":"auto","background-attachment":"scroll","background-type":"","background-media":"","overlay-type":"","overlay-color":"","overlay-opacity":"","overlay-gradient":""}},"footnotes":""},"class_list":["post-106","page","type-page","status-publish","hentry"],"uagb_featured_image_src":{"full":false,"thumbnail":false,"medium":false,"medium_large":false,"large":false,"1536x1536":false,"2048x2048":false,"woocommerce_thumbnail":false,"woocommerce_single":false,"woocommerce_gallery_thumbnail":false},"uagb_author_info":{"display_name":"webmaster","author_link":"https:\/\/www.pcsupport.com.mx\/portal\/author\/mvillarreal\/"},"uagb_comment_info":0,"uagb_excerpt":"\u00daltima actualizaci\u00f3n: 23 de Junio de 2024 Esta Pol\u00edtica de Privacidad rige la manera en que PC Support recopila, usa, mantiene y divulga la informaci\u00f3n recopilada de los usuarios (cada uno, un \u201cUsuario\u201d) del sitio web www.pcsupport.com.mx (\u201cSite\u201d). Esta pol\u00edtica de privacidad se aplica al Sitio y a todos los productos y servicios ofrecidos por&hellip;","jetpack_sharing_enabled":true,"_links":{"self":[{"href":"https:\/\/www.pcsupport.com.mx\/portal\/wp-json\/wp\/v2\/pages\/106","targetHints":{"allow":["GET"]}}],"collection":[{"href":"https:\/\/www.pcsupport.com.mx\/portal\/wp-json\/wp\/v2\/pages"}],"about":[{"href":"https:\/\/www.pcsupport.com.mx\/portal\/wp-json\/wp\/v2\/types\/page"}],"author":[{"embeddable":true,"href":"https:\/\/www.pcsupport.com.mx\/portal\/wp-json\/wp\/v2\/users\/1"}],"replies":[{"embeddable":true,"href":"https:\/\/www.pcsupport.com.mx\/portal\/wp-json\/wp\/v2\/comments?post=106"}],"version-history":[{"count":6,"href":"https:\/\/www.pcsupport.com.mx\/portal\/wp-json\/wp\/v2\/pages\/106\/revisions"}],"predecessor-version":[{"id":768,"href":"https:\/\/www.pcsupport.com.mx\/portal\/wp-json\/wp\/v2\/pages\/106\/revisions\/768"}],"wp:attachment":[{"href":"https:\/\/www.pcsupport.com.mx\/portal\/wp-json\/wp\/v2\/media?parent=106"}],"curies":[{"name":"wp","href":"https:\/\/api.w.org\/{rel}","templated":true}]}}